{"id":1812,"date":"2020-02-10T07:13:33","date_gmt":"2020-02-10T06:13:33","guid":{"rendered":"https:\/\/petrzalka.sk\/plavaren\/?page_id=1812"},"modified":"2025-12-11T09:08:55","modified_gmt":"2025-12-11T08:08:55","slug":"permanentky","status":"publish","type":"page","link":"https:\/\/petrzalka.sk\/plavaren\/permanentky\/","title":{"rendered":"V\u00ddHODN\u00c9 PERMANENTKY | Petr\u017ealsk\u00e1 plav\u00e1re\u0148"},"content":{"rendered":"","protected":false},"excerpt":{"rendered":"","protected":false},"author":3,"featured_media":2608,"parent":0,"menu_order":0,"comment_status":"closed","ping_status":"closed","template":"","meta":{"_acf_changed":false,"footnotes":""},"class_list":["post-1812","page","type-page","status-publish","has-post-thumbnail","hentry"],"acf":[],"yoast_head":"<!-- This site is optimized with the Yoast SEO plugin v27.5 - https:\/\/yoast.com\/product\/yoast-seo-wordpress\/ -->\n<title>V\u00ddHODN\u00c9 PERMANENTKY | Petr\u017ealsk\u00e1 plav\u00e1re\u0148 - PETR\u017dALSK\u00c1 PLAV\u00c1RE\u0147<\/title>\n<meta name=\"robots\" content=\"index, follow, max-snippet:-1, max-image-preview:large, max-video-preview:-1\" \/>\n<link rel=\"canonical\" href=\"https:\/\/petrzalka.sk\/plavaren\/permanentky\/\" \/>\n<meta property=\"og:locale\" content=\"en_US\" \/>\n<meta property=\"og:type\" content=\"article\" \/>\n<meta property=\"og:title\" content=\"V\u00ddHODN\u00c9 PERMANENTKY | Petr\u017ealsk\u00e1 plav\u00e1re\u0148 - PETR\u017dALSK\u00c1 PLAV\u00c1RE\u0147\" \/>\n<meta property=\"og:url\" content=\"https:\/\/petrzalka.sk\/plavaren\/permanentky\/\" \/>\n<meta property=\"og:site_name\" content=\"PETR\u017dALSK\u00c1 PLAV\u00c1RE\u0147\" \/>\n<meta property=\"article:modified_time\" content=\"2025-12-11T08:08:55+00:00\" \/>\n<meta property=\"og:image\" content=\"https:\/\/petrzalka.sk\/plavaren\/wp-content\/uploads\/2022\/11\/plavaren_permanentky_2022_1.png\" \/>\n\t<meta property=\"og:image:width\" content=\"1200\" \/>\n\t<meta property=\"og:image:height\" content=\"1200\" \/>\n\t<meta property=\"og:image:type\" content=\"image\/png\" \/>\n<meta name=\"twitter:card\" content=\"summary_large_image\" \/>\n<meta name=\"twitter:label1\" content=\"Est. reading time\" \/>\n\t<meta name=\"twitter:data1\" content=\"1 minute\" \/>\n<script type=\"application\/ld+json\" class=\"yoast-schema-graph\">{\"@context\":\"https:\\\/\\\/schema.org\",\"@graph\":[{\"@type\":\"WebPage\",\"@id\":\"https:\\\/\\\/petrzalka.sk\\\/plavaren\\\/permanentky\\\/\",\"url\":\"https:\\\/\\\/petrzalka.sk\\\/plavaren\\\/permanentky\\\/\",\"name\":\"V\u00ddHODN\u00c9 PERMANENTKY | Petr\u017ealsk\u00e1 plav\u00e1re\u0148 - PETR\u017dALSK\u00c1 PLAV\u00c1RE\u0147\",\"isPartOf\":{\"@id\":\"https:\\\/\\\/petrzalka.sk\\\/plavaren\\\/#website\"},\"primaryImageOfPage\":{\"@id\":\"https:\\\/\\\/petrzalka.sk\\\/plavaren\\\/permanentky\\\/#primaryimage\"},\"image\":{\"@id\":\"https:\\\/\\\/petrzalka.sk\\\/plavaren\\\/permanentky\\\/#primaryimage\"},\"thumbnailUrl\":\"https:\\\/\\\/petrzalka.sk\\\/plavaren\\\/wp-content\\\/uploads\\\/2022\\\/11\\\/plavaren_permanentky_2022_1.png\",\"datePublished\":\"2020-02-10T06:13:33+00:00\",\"dateModified\":\"2025-12-11T08:08:55+00:00\",\"breadcrumb\":{\"@id\":\"https:\\\/\\\/petrzalka.sk\\\/plavaren\\\/permanentky\\\/#breadcrumb\"},\"inLanguage\":\"en-US\",\"potentialAction\":[{\"@type\":\"ReadAction\",\"target\":[\"https:\\\/\\\/petrzalka.sk\\\/plavaren\\\/permanentky\\\/\"]}]},{\"@type\":\"ImageObject\",\"inLanguage\":\"en-US\",\"@id\":\"https:\\\/\\\/petrzalka.sk\\\/plavaren\\\/permanentky\\\/#primaryimage\",\"url\":\"https:\\\/\\\/petrzalka.sk\\\/plavaren\\\/wp-content\\\/uploads\\\/2022\\\/11\\\/plavaren_permanentky_2022_1.png\",\"contentUrl\":\"https:\\\/\\\/petrzalka.sk\\\/plavaren\\\/wp-content\\\/uploads\\\/2022\\\/11\\\/plavaren_permanentky_2022_1.png\",\"width\":1200,\"height\":1200},{\"@type\":\"BreadcrumbList\",\"@id\":\"https:\\\/\\\/petrzalka.sk\\\/plavaren\\\/permanentky\\\/#breadcrumb\",\"itemListElement\":[{\"@type\":\"ListItem\",\"position\":1,\"name\":\"\",\"item\":\"https:\\\/\\\/petrzalka.sk\\\/plavaren\\\/\"},{\"@type\":\"ListItem\",\"position\":2,\"name\":\"V\u00ddHODN\u00c9 PERMANENTKY | Petr\u017ealsk\u00e1 plav\u00e1re\u0148\"}]},{\"@type\":\"WebSite\",\"@id\":\"https:\\\/\\\/petrzalka.sk\\\/plavaren\\\/#website\",\"url\":\"https:\\\/\\\/petrzalka.sk\\\/plavaren\\\/\",\"name\":\"PETR\u017dALSK\u00c1 PLAV\u00c1RE\u0147\",\"description\":\"Ofici\u00e1lny web verejnej plav\u00e1rne mestskej \u010dasti Bratislava-Petr\u017ealka.\",\"potentialAction\":[{\"@type\":\"SearchAction\",\"target\":{\"@type\":\"EntryPoint\",\"urlTemplate\":\"https:\\\/\\\/petrzalka.sk\\\/plavaren\\\/?s={search_term_string}\"},\"query-input\":{\"@type\":\"PropertyValueSpecification\",\"valueRequired\":true,\"valueName\":\"search_term_string\"}}],\"inLanguage\":\"en-US\"}]}<\/script>\n<!-- \/ Yoast SEO plugin. -->","yoast_head_json":{"title":"V\u00ddHODN\u00c9 PERMANENTKY | Petr\u017ealsk\u00e1 plav\u00e1re\u0148 - PETR\u017dALSK\u00c1 PLAV\u00c1RE\u0147","robots":{"index":"index","follow":"follow","max-snippet":"max-snippet:-1","max-image-preview":"max-image-preview:large","max-video-preview":"max-video-preview:-1"},"canonical":"https:\/\/petrzalka.sk\/plavaren\/permanentky\/","og_locale":"en_US","og_type":"article","og_title":"V\u00ddHODN\u00c9 PERMANENTKY | Petr\u017ealsk\u00e1 plav\u00e1re\u0148 - PETR\u017dALSK\u00c1 PLAV\u00c1RE\u0147","og_url":"https:\/\/petrzalka.sk\/plavaren\/permanentky\/","og_site_name":"PETR\u017dALSK\u00c1 PLAV\u00c1RE\u0147","article_modified_time":"2025-12-11T08:08:55+00:00","og_image":[{"width":1200,"height":1200,"url":"https:\/\/petrzalka.sk\/plavaren\/wp-content\/uploads\/2022\/11\/plavaren_permanentky_2022_1.png","type":"image\/png"}],"twitter_card":"summary_large_image","twitter_misc":{"Est. reading time":"1 minute"},"schema":{"@context":"https:\/\/schema.org","@graph":[{"@type":"WebPage","@id":"https:\/\/petrzalka.sk\/plavaren\/permanentky\/","url":"https:\/\/petrzalka.sk\/plavaren\/permanentky\/","name":"V\u00ddHODN\u00c9 PERMANENTKY | Petr\u017ealsk\u00e1 plav\u00e1re\u0148 - PETR\u017dALSK\u00c1 PLAV\u00c1RE\u0147","isPartOf":{"@id":"https:\/\/petrzalka.sk\/plavaren\/#website"},"primaryImageOfPage":{"@id":"https:\/\/petrzalka.sk\/plavaren\/permanentky\/#primaryimage"},"image":{"@id":"https:\/\/petrzalka.sk\/plavaren\/permanentky\/#primaryimage"},"thumbnailUrl":"https:\/\/petrzalka.sk\/plavaren\/wp-content\/uploads\/2022\/11\/plavaren_permanentky_2022_1.png","datePublished":"2020-02-10T06:13:33+00:00","dateModified":"2025-12-11T08:08:55+00:00","breadcrumb":{"@id":"https:\/\/petrzalka.sk\/plavaren\/permanentky\/#breadcrumb"},"inLanguage":"en-US","potentialAction":[{"@type":"ReadAction","target":["https:\/\/petrzalka.sk\/plavaren\/permanentky\/"]}]},{"@type":"ImageObject","inLanguage":"en-US","@id":"https:\/\/petrzalka.sk\/plavaren\/permanentky\/#primaryimage","url":"https:\/\/petrzalka.sk\/plavaren\/wp-content\/uploads\/2022\/11\/plavaren_permanentky_2022_1.png","contentUrl":"https:\/\/petrzalka.sk\/plavaren\/wp-content\/uploads\/2022\/11\/plavaren_permanentky_2022_1.png","width":1200,"height":1200},{"@type":"BreadcrumbList","@id":"https:\/\/petrzalka.sk\/plavaren\/permanentky\/#breadcrumb","itemListElement":[{"@type":"ListItem","position":1,"name":"","item":"https:\/\/petrzalka.sk\/plavaren\/"},{"@type":"ListItem","position":2,"name":"V\u00ddHODN\u00c9 PERMANENTKY | Petr\u017ealsk\u00e1 plav\u00e1re\u0148"}]},{"@type":"WebSite","@id":"https:\/\/petrzalka.sk\/plavaren\/#website","url":"https:\/\/petrzalka.sk\/plavaren\/","name":"PETR\u017dALSK\u00c1 PLAV\u00c1RE\u0147","description":"Ofici\u00e1lny web verejnej plav\u00e1rne mestskej \u010dasti Bratislava-Petr\u017ealka.","potentialAction":[{"@type":"SearchAction","target":{"@type":"EntryPoint","urlTemplate":"https:\/\/petrzalka.sk\/plavaren\/?s={search_term_string}"},"query-input":{"@type":"PropertyValueSpecification","valueRequired":true,"valueName":"search_term_string"}}],"inLanguage":"en-US"}]}},"_links":{"self":[{"href":"https:\/\/petrzalka.sk\/plavaren\/wp-json\/wp\/v2\/pages\/1812","targetHints":{"allow":["GET"]}}],"collection":[{"href":"https:\/\/petrzalka.sk\/plavaren\/wp-json\/wp\/v2\/pages"}],"about":[{"href":"https:\/\/petrzalka.sk\/plavaren\/wp-json\/wp\/v2\/types\/page"}],"author":[{"embeddable":true,"href":"https:\/\/petrzalka.sk\/plavaren\/wp-json\/wp\/v2\/users\/3"}],"replies":[{"embeddable":true,"href":"https:\/\/petrzalka.sk\/plavaren\/wp-json\/wp\/v2\/comments?post=1812"}],"version-history":[{"count":37,"href":"https:\/\/petrzalka.sk\/plavaren\/wp-json\/wp\/v2\/pages\/1812\/revisions"}],"predecessor-version":[{"id":3286,"href":"https:\/\/petrzalka.sk\/plavaren\/wp-json\/wp\/v2\/pages\/1812\/revisions\/3286"}],"wp:featuredmedia":[{"embeddable":true,"href":"https:\/\/petrzalka.sk\/plavaren\/wp-json\/wp\/v2\/media\/2608"}],"wp:attachment":[{"href":"https:\/\/petrzalka.sk\/plavaren\/wp-json\/wp\/v2\/media?parent=1812"}],"curies":[{"name":"wp","href":"https:\/\/api.w.org\/{rel}","templated":true}]}}