{"id":222,"date":"2017-03-09T13:49:41","date_gmt":"2017-03-09T12:49:41","guid":{"rendered":"https:\/\/petrzalka.sk\/plavaren\/?page_id=222"},"modified":"2026-03-17T08:50:28","modified_gmt":"2026-03-17T07:50:28","slug":"kontakty","status":"publish","type":"page","link":"https:\/\/petrzalka.sk\/plavaren\/kontakty\/","title":{"rendered":"KONTAKTY | Petr\u017ealsk\u00e1 plav\u00e1re\u0148"},"content":{"rendered":"","protected":false},"excerpt":{"rendered":"","protected":false},"author":3,"featured_media":0,"parent":0,"menu_order":0,"comment_status":"closed","ping_status":"closed","template":"","meta":{"_acf_changed":false,"footnotes":""},"class_list":["post-222","page","type-page","status-publish","hentry"],"acf":[],"yoast_head":"<!-- This site is optimized with the Yoast SEO plugin v27.3 - https:\/\/yoast.com\/product\/yoast-seo-wordpress\/ -->\n<title>KONTAKTY | Petr\u017ealsk\u00e1 plav\u00e1re\u0148 - PETR\u017dALSK\u00c1 PLAV\u00c1RE\u0147<\/title>\n<meta name=\"robots\" content=\"index, follow, max-snippet:-1, max-image-preview:large, max-video-preview:-1\" \/>\n<link rel=\"canonical\" href=\"https:\/\/petrzalka.sk\/plavaren\/kontakty\/\" \/>\n<meta property=\"og:locale\" content=\"en_US\" \/>\n<meta property=\"og:type\" content=\"article\" \/>\n<meta property=\"og:title\" content=\"KONTAKTY | Petr\u017ealsk\u00e1 plav\u00e1re\u0148 - PETR\u017dALSK\u00c1 PLAV\u00c1RE\u0147\" \/>\n<meta property=\"og:url\" content=\"https:\/\/petrzalka.sk\/plavaren\/kontakty\/\" \/>\n<meta property=\"og:site_name\" content=\"PETR\u017dALSK\u00c1 PLAV\u00c1RE\u0147\" \/>\n<meta property=\"article:modified_time\" content=\"2026-03-17T07:50:28+00:00\" \/>\n<meta name=\"twitter:card\" content=\"summary_large_image\" \/>\n<script type=\"application\/ld+json\" class=\"yoast-schema-graph\">{\"@context\":\"https:\\\/\\\/schema.org\",\"@graph\":[{\"@type\":\"WebPage\",\"@id\":\"https:\\\/\\\/petrzalka.sk\\\/plavaren\\\/kontakty\\\/\",\"url\":\"https:\\\/\\\/petrzalka.sk\\\/plavaren\\\/kontakty\\\/\",\"name\":\"KONTAKTY | Petr\u017ealsk\u00e1 plav\u00e1re\u0148 - PETR\u017dALSK\u00c1 PLAV\u00c1RE\u0147\",\"isPartOf\":{\"@id\":\"https:\\\/\\\/petrzalka.sk\\\/plavaren\\\/#website\"},\"datePublished\":\"2017-03-09T12:49:41+00:00\",\"dateModified\":\"2026-03-17T07:50:28+00:00\",\"breadcrumb\":{\"@id\":\"https:\\\/\\\/petrzalka.sk\\\/plavaren\\\/kontakty\\\/#breadcrumb\"},\"inLanguage\":\"en-US\",\"potentialAction\":[{\"@type\":\"ReadAction\",\"target\":[\"https:\\\/\\\/petrzalka.sk\\\/plavaren\\\/kontakty\\\/\"]}]},{\"@type\":\"BreadcrumbList\",\"@id\":\"https:\\\/\\\/petrzalka.sk\\\/plavaren\\\/kontakty\\\/#breadcrumb\",\"itemListElement\":[{\"@type\":\"ListItem\",\"position\":1,\"name\":\"\",\"item\":\"https:\\\/\\\/petrzalka.sk\\\/plavaren\\\/\"},{\"@type\":\"ListItem\",\"position\":2,\"name\":\"KONTAKTY | Petr\u017ealsk\u00e1 plav\u00e1re\u0148\"}]},{\"@type\":\"WebSite\",\"@id\":\"https:\\\/\\\/petrzalka.sk\\\/plavaren\\\/#website\",\"url\":\"https:\\\/\\\/petrzalka.sk\\\/plavaren\\\/\",\"name\":\"PETR\u017dALSK\u00c1 PLAV\u00c1RE\u0147\",\"description\":\"Ofici\u00e1lny web verejnej plav\u00e1rne mestskej \u010dasti Bratislava-Petr\u017ealka.\",\"potentialAction\":[{\"@type\":\"SearchAction\",\"target\":{\"@type\":\"EntryPoint\",\"urlTemplate\":\"https:\\\/\\\/petrzalka.sk\\\/plavaren\\\/?s={search_term_string}\"},\"query-input\":{\"@type\":\"PropertyValueSpecification\",\"valueRequired\":true,\"valueName\":\"search_term_string\"}}],\"inLanguage\":\"en-US\"}]}<\/script>\n<!-- \/ Yoast SEO plugin. -->","yoast_head_json":{"title":"KONTAKTY | Petr\u017ealsk\u00e1 plav\u00e1re\u0148 - PETR\u017dALSK\u00c1 PLAV\u00c1RE\u0147","robots":{"index":"index","follow":"follow","max-snippet":"max-snippet:-1","max-image-preview":"max-image-preview:large","max-video-preview":"max-video-preview:-1"},"canonical":"https:\/\/petrzalka.sk\/plavaren\/kontakty\/","og_locale":"en_US","og_type":"article","og_title":"KONTAKTY | Petr\u017ealsk\u00e1 plav\u00e1re\u0148 - PETR\u017dALSK\u00c1 PLAV\u00c1RE\u0147","og_url":"https:\/\/petrzalka.sk\/plavaren\/kontakty\/","og_site_name":"PETR\u017dALSK\u00c1 PLAV\u00c1RE\u0147","article_modified_time":"2026-03-17T07:50:28+00:00","twitter_card":"summary_large_image","schema":{"@context":"https:\/\/schema.org","@graph":[{"@type":"WebPage","@id":"https:\/\/petrzalka.sk\/plavaren\/kontakty\/","url":"https:\/\/petrzalka.sk\/plavaren\/kontakty\/","name":"KONTAKTY | Petr\u017ealsk\u00e1 plav\u00e1re\u0148 - PETR\u017dALSK\u00c1 PLAV\u00c1RE\u0147","isPartOf":{"@id":"https:\/\/petrzalka.sk\/plavaren\/#website"},"datePublished":"2017-03-09T12:49:41+00:00","dateModified":"2026-03-17T07:50:28+00:00","breadcrumb":{"@id":"https:\/\/petrzalka.sk\/plavaren\/kontakty\/#breadcrumb"},"inLanguage":"en-US","potentialAction":[{"@type":"ReadAction","target":["https:\/\/petrzalka.sk\/plavaren\/kontakty\/"]}]},{"@type":"BreadcrumbList","@id":"https:\/\/petrzalka.sk\/plavaren\/kontakty\/#breadcrumb","itemListElement":[{"@type":"ListItem","position":1,"name":"","item":"https:\/\/petrzalka.sk\/plavaren\/"},{"@type":"ListItem","position":2,"name":"KONTAKTY | Petr\u017ealsk\u00e1 plav\u00e1re\u0148"}]},{"@type":"WebSite","@id":"https:\/\/petrzalka.sk\/plavaren\/#website","url":"https:\/\/petrzalka.sk\/plavaren\/","name":"PETR\u017dALSK\u00c1 PLAV\u00c1RE\u0147","description":"Ofici\u00e1lny web verejnej plav\u00e1rne mestskej \u010dasti Bratislava-Petr\u017ealka.","potentialAction":[{"@type":"SearchAction","target":{"@type":"EntryPoint","urlTemplate":"https:\/\/petrzalka.sk\/plavaren\/?s={search_term_string}"},"query-input":{"@type":"PropertyValueSpecification","valueRequired":true,"valueName":"search_term_string"}}],"inLanguage":"en-US"}]}},"_links":{"self":[{"href":"https:\/\/petrzalka.sk\/plavaren\/wp-json\/wp\/v2\/pages\/222","targetHints":{"allow":["GET"]}}],"collection":[{"href":"https:\/\/petrzalka.sk\/plavaren\/wp-json\/wp\/v2\/pages"}],"about":[{"href":"https:\/\/petrzalka.sk\/plavaren\/wp-json\/wp\/v2\/types\/page"}],"author":[{"embeddable":true,"href":"https:\/\/petrzalka.sk\/plavaren\/wp-json\/wp\/v2\/users\/3"}],"replies":[{"embeddable":true,"href":"https:\/\/petrzalka.sk\/plavaren\/wp-json\/wp\/v2\/comments?post=222"}],"version-history":[{"count":26,"href":"https:\/\/petrzalka.sk\/plavaren\/wp-json\/wp\/v2\/pages\/222\/revisions"}],"predecessor-version":[{"id":3320,"href":"https:\/\/petrzalka.sk\/plavaren\/wp-json\/wp\/v2\/pages\/222\/revisions\/3320"}],"wp:attachment":[{"href":"https:\/\/petrzalka.sk\/plavaren\/wp-json\/wp\/v2\/media?parent=222"}],"curies":[{"name":"wp","href":"https:\/\/api.w.org\/{rel}","templated":true}]}}